{"id":874,"date":"2021-10-30T10:33:11","date_gmt":"2021-10-30T10:33:11","guid":{"rendered":"http:\/\/wolfdogs.fi\/wp\/?page_id=874"},"modified":"2021-10-30T10:33:18","modified_gmt":"2021-10-30T10:33:18","slug":"silmat","status":"publish","type":"page","link":"https:\/\/wolfdogs.fi\/wp\/terveys\/silmat\/","title":{"rendered":"Silm\u00e4t"},"content":{"rendered":"<h5 style=\"text-align: center;\"><span style=\"color: #ffff99;\">Silm\u00e4t<\/span><\/h5>\n\n\n<p class=\"has-text-align-center has-white-color has-text-color\">Silm\u00e4sairauksia esiintyy harvakseltaan \u010ceskoslovensk\u00fd vl\u010diak rodussa, Suomessa on silm\u00e4peilattu 27 kpl, joista kolme ei ole saanut puhdasta tulosta.<\/p>\n\n\n\n<p class=\"has-text-align-center has-white-color has-text-color\">Tiedossa on my\u00f6s yksi Suomessa diagnosoitu pannus<\/p>\n\n\n\n<p class=\"has-text-align-center has-white-color has-text-color\">Saarlooswolfhondeja on silm\u00e4peilattu 38 kpl Suomessa, joista kuusi ei ole saanut puhdasta tulosta. Saarlooswolfhondeilla saattaa esiinty\u00e4 harmaa kaihia ja PRA:ta.<\/p>\n\n\n\n<p class=\"has-text-align-center has-white-color has-text-color\">Suomessa ei viel\u00e4 ole luotettavaa tietoa kokonaisuudesta. Yhdistys suosittelee virallista silm\u00e4peilausta tiedon ker\u00e4\u00e4mist\u00e4 varten mahdollisista silm\u00e4sairauksista.<\/p>\n\n\n\n<div class=\"wp-block-buttons is-content-justification-center is-layout-flex wp-block-buttons-is-layout-flex\">\n<div class=\"wp-block-button\"><a class=\"wp-block-button__link\" href=\"http:\/\/wolfdogs.fi\/wp\/terveys\/\">Takaisin<\/a><\/div>\n<\/div>\n","protected":false},"excerpt":{"rendered":"<p>Silm\u00e4t Silm\u00e4sairauksia esiintyy harvakseltaan \u010ceskoslovensk\u00fd vl\u010diak rodussa, Suomessa on silm\u00e4peilattu 27 kpl, joista kolme ei ole saanut puhdasta tulosta. Tiedossa on my\u00f6s yksi Suomessa diagnosoitu pannus Saarlooswolfhondeja on silm\u00e4peilattu 38 kpl Suomessa, joista kuusi ei ole saanut puhdasta tulosta. Saarlooswolfhondeilla saattaa esiinty\u00e4 harmaa kaihia ja PRA:ta. Suomessa ei viel\u00e4 ole luotettavaa tietoa kokonaisuudesta. Yhdistys suosittelee [&hellip;]<\/p>\n","protected":false},"author":1,"featured_media":0,"parent":736,"menu_order":0,"comment_status":"closed","ping_status":"closed","template":"","meta":{"footnotes":""},"class_list":["post-874","page","type-page","status-publish","hentry"],"yoast_head":"<!-- This site is optimized with the Yoast SEO plugin v27.5 - https:\/\/yoast.com\/product\/yoast-seo-wordpress\/ -->\n<title>Silm\u00e4t - wolfdogs.fi<\/title>\n<meta name=\"robots\" content=\"index, follow, max-snippet:-1, max-image-preview:large, max-video-preview:-1\" \/>\n<link rel=\"canonical\" href=\"https:\/\/wolfdogs.fi\/wp\/terveys\/silmat\/\" \/>\n<meta property=\"og:locale\" content=\"fi_FI\" \/>\n<meta property=\"og:type\" content=\"article\" \/>\n<meta property=\"og:title\" content=\"Silm\u00e4t - wolfdogs.fi\" \/>\n<meta property=\"og:description\" content=\"Silm\u00e4t Silm\u00e4sairauksia esiintyy harvakseltaan \u010ceskoslovensk\u00fd vl\u010diak rodussa, Suomessa on silm\u00e4peilattu 27 kpl, joista kolme ei ole saanut puhdasta tulosta. Tiedossa on my\u00f6s yksi Suomessa diagnosoitu pannus Saarlooswolfhondeja on silm\u00e4peilattu 38 kpl Suomessa, joista kuusi ei ole saanut puhdasta tulosta. Saarlooswolfhondeilla saattaa esiinty\u00e4 harmaa kaihia ja PRA:ta. Suomessa ei viel\u00e4 ole luotettavaa tietoa kokonaisuudesta. Yhdistys suosittelee [&hellip;]\" \/>\n<meta property=\"og:url\" content=\"https:\/\/wolfdogs.fi\/wp\/terveys\/silmat\/\" \/>\n<meta property=\"og:site_name\" content=\"wolfdogs.fi\" \/>\n<meta property=\"article:modified_time\" content=\"2021-10-30T10:33:18+00:00\" \/>\n<meta name=\"twitter:card\" content=\"summary_large_image\" \/>\n<meta name=\"twitter:label1\" content=\"Arvioitu lukuaika\" \/>\n\t<meta name=\"twitter:data1\" content=\"1 minuutti\" \/>\n<script type=\"application\/ld+json\" class=\"yoast-schema-graph\">{\"@context\":\"https:\\\/\\\/schema.org\",\"@graph\":[{\"@type\":\"WebPage\",\"@id\":\"https:\\\/\\\/wolfdogs.fi\\\/wp\\\/terveys\\\/silmat\\\/\",\"url\":\"https:\\\/\\\/wolfdogs.fi\\\/wp\\\/terveys\\\/silmat\\\/\",\"name\":\"Silm\u00e4t - wolfdogs.fi\",\"isPartOf\":{\"@id\":\"http:\\\/\\\/wolfdogs.fi\\\/wp\\\/#website\"},\"datePublished\":\"2021-10-30T10:33:11+00:00\",\"dateModified\":\"2021-10-30T10:33:18+00:00\",\"breadcrumb\":{\"@id\":\"https:\\\/\\\/wolfdogs.fi\\\/wp\\\/terveys\\\/silmat\\\/#breadcrumb\"},\"inLanguage\":\"fi\",\"potentialAction\":[{\"@type\":\"ReadAction\",\"target\":[\"https:\\\/\\\/wolfdogs.fi\\\/wp\\\/terveys\\\/silmat\\\/\"]}]},{\"@type\":\"BreadcrumbList\",\"@id\":\"https:\\\/\\\/wolfdogs.fi\\\/wp\\\/terveys\\\/silmat\\\/#breadcrumb\",\"itemListElement\":[{\"@type\":\"ListItem\",\"position\":1,\"name\":\"Home\",\"item\":\"https:\\\/\\\/wolfdogs.fi\\\/wp\\\/\"},{\"@type\":\"ListItem\",\"position\":2,\"name\":\"Terveys\",\"item\":\"https:\\\/\\\/wolfdogs.fi\\\/wp\\\/terveys\\\/\"},{\"@type\":\"ListItem\",\"position\":3,\"name\":\"Silm\u00e4t\"}]},{\"@type\":\"WebSite\",\"@id\":\"http:\\\/\\\/wolfdogs.fi\\\/wp\\\/#website\",\"url\":\"http:\\\/\\\/wolfdogs.fi\\\/wp\\\/\",\"name\":\"wolfdogs.fi\",\"description\":\"\",\"potentialAction\":[{\"@type\":\"SearchAction\",\"target\":{\"@type\":\"EntryPoint\",\"urlTemplate\":\"http:\\\/\\\/wolfdogs.fi\\\/wp\\\/?s={search_term_string}\"},\"query-input\":{\"@type\":\"PropertyValueSpecification\",\"valueRequired\":true,\"valueName\":\"search_term_string\"}}],\"inLanguage\":\"fi\"}]}<\/script>\n<!-- \/ Yoast SEO plugin. -->","yoast_head_json":{"title":"Silm\u00e4t - wolfdogs.fi","robots":{"index":"index","follow":"follow","max-snippet":"max-snippet:-1","max-image-preview":"max-image-preview:large","max-video-preview":"max-video-preview:-1"},"canonical":"https:\/\/wolfdogs.fi\/wp\/terveys\/silmat\/","og_locale":"fi_FI","og_type":"article","og_title":"Silm\u00e4t - wolfdogs.fi","og_description":"Silm\u00e4t Silm\u00e4sairauksia esiintyy harvakseltaan \u010ceskoslovensk\u00fd vl\u010diak rodussa, Suomessa on silm\u00e4peilattu 27 kpl, joista kolme ei ole saanut puhdasta tulosta. Tiedossa on my\u00f6s yksi Suomessa diagnosoitu pannus Saarlooswolfhondeja on silm\u00e4peilattu 38 kpl Suomessa, joista kuusi ei ole saanut puhdasta tulosta. Saarlooswolfhondeilla saattaa esiinty\u00e4 harmaa kaihia ja PRA:ta. Suomessa ei viel\u00e4 ole luotettavaa tietoa kokonaisuudesta. Yhdistys suosittelee [&hellip;]","og_url":"https:\/\/wolfdogs.fi\/wp\/terveys\/silmat\/","og_site_name":"wolfdogs.fi","article_modified_time":"2021-10-30T10:33:18+00:00","twitter_card":"summary_large_image","twitter_misc":{"Arvioitu lukuaika":"1 minuutti"},"schema":{"@context":"https:\/\/schema.org","@graph":[{"@type":"WebPage","@id":"https:\/\/wolfdogs.fi\/wp\/terveys\/silmat\/","url":"https:\/\/wolfdogs.fi\/wp\/terveys\/silmat\/","name":"Silm\u00e4t - wolfdogs.fi","isPartOf":{"@id":"http:\/\/wolfdogs.fi\/wp\/#website"},"datePublished":"2021-10-30T10:33:11+00:00","dateModified":"2021-10-30T10:33:18+00:00","breadcrumb":{"@id":"https:\/\/wolfdogs.fi\/wp\/terveys\/silmat\/#breadcrumb"},"inLanguage":"fi","potentialAction":[{"@type":"ReadAction","target":["https:\/\/wolfdogs.fi\/wp\/terveys\/silmat\/"]}]},{"@type":"BreadcrumbList","@id":"https:\/\/wolfdogs.fi\/wp\/terveys\/silmat\/#breadcrumb","itemListElement":[{"@type":"ListItem","position":1,"name":"Home","item":"https:\/\/wolfdogs.fi\/wp\/"},{"@type":"ListItem","position":2,"name":"Terveys","item":"https:\/\/wolfdogs.fi\/wp\/terveys\/"},{"@type":"ListItem","position":3,"name":"Silm\u00e4t"}]},{"@type":"WebSite","@id":"http:\/\/wolfdogs.fi\/wp\/#website","url":"http:\/\/wolfdogs.fi\/wp\/","name":"wolfdogs.fi","description":"","potentialAction":[{"@type":"SearchAction","target":{"@type":"EntryPoint","urlTemplate":"http:\/\/wolfdogs.fi\/wp\/?s={search_term_string}"},"query-input":{"@type":"PropertyValueSpecification","valueRequired":true,"valueName":"search_term_string"}}],"inLanguage":"fi"}]}},"_links":{"self":[{"href":"https:\/\/wolfdogs.fi\/wp\/wp-json\/wp\/v2\/pages\/874","targetHints":{"allow":["GET"]}}],"collection":[{"href":"https:\/\/wolfdogs.fi\/wp\/wp-json\/wp\/v2\/pages"}],"about":[{"href":"https:\/\/wolfdogs.fi\/wp\/wp-json\/wp\/v2\/types\/page"}],"author":[{"embeddable":true,"href":"https:\/\/wolfdogs.fi\/wp\/wp-json\/wp\/v2\/users\/1"}],"replies":[{"embeddable":true,"href":"https:\/\/wolfdogs.fi\/wp\/wp-json\/wp\/v2\/comments?post=874"}],"version-history":[{"count":2,"href":"https:\/\/wolfdogs.fi\/wp\/wp-json\/wp\/v2\/pages\/874\/revisions"}],"predecessor-version":[{"id":876,"href":"https:\/\/wolfdogs.fi\/wp\/wp-json\/wp\/v2\/pages\/874\/revisions\/876"}],"up":[{"embeddable":true,"href":"https:\/\/wolfdogs.fi\/wp\/wp-json\/wp\/v2\/pages\/736"}],"wp:attachment":[{"href":"https:\/\/wolfdogs.fi\/wp\/wp-json\/wp\/v2\/media?parent=874"}],"curies":[{"name":"wp","href":"https:\/\/api.w.org\/{rel}","templated":true}]}}