{"id":87,"date":"2015-12-30T20:50:06","date_gmt":"2015-12-30T20:50:06","guid":{"rendered":"http:\/\/wolfdogs.fi\/wp\/?page_id=87"},"modified":"2026-03-07T08:48:47","modified_gmt":"2026-03-07T08:48:47","slug":"pentuja","status":"publish","type":"page","link":"https:\/\/wolfdogs.fi\/wp\/pentuja\/","title":{"rendered":"Pentuja"},"content":{"rendered":"<h4 style=\"text-align: center;\"><span style=\"color: #ffff99;\">Pentuja<\/span><\/h4>\n<p style=\"text-align: center; font-size: 0.75em;\"><span style=\"color: #ffffff;\"><em>Pentuja-listalle hyv\u00e4ksyt\u00e4\u00e4n ainoastaan j\u00e4senten ilmoittamat pennut \/ pentueet, jotka rekister\u00f6id\u00e4\u00e4n Suomen Kennelliittoon. Pennut luovutetaan tunnistusmerkittyin\u00e4 ja el\u00e4inl\u00e4\u00e4k\u00e4rin tarkastamina, asiallisin ruokinta-, hoito- ja koulutus ohjein.<\/em><\/span><\/p>\n\n\n<h6 class=\"wp-block-heading has-text-align-center has-white-color has-text-color\"><\/h6>\n\n\n\n<hr class=\"wp-block-separator has-alpha-channel-opacity\"\/>\n\n\n\n<h6 class=\"wp-block-heading has-text-align-center has-white-color has-text-color\"><\/h6>\n\n\n\n<p class=\"has-text-align-center has-white-color has-text-color has-link-color wp-elements-3ea5701157e669ad3e37f5cb6d2983d2\">T\u00e4ll\u00e4 hetkell\u00e4 ei ole pentuja etsim\u00e4ss\u00e4 kotia<\/p>\n","protected":false},"excerpt":{"rendered":"<p>Pentuja Pentuja-listalle hyv\u00e4ksyt\u00e4\u00e4n ainoastaan j\u00e4senten ilmoittamat pennut \/ pentueet, jotka rekister\u00f6id\u00e4\u00e4n Suomen Kennelliittoon. Pennut luovutetaan tunnistusmerkittyin\u00e4 ja el\u00e4inl\u00e4\u00e4k\u00e4rin tarkastamina, asiallisin ruokinta-, hoito- ja koulutus ohjein. T\u00e4ll\u00e4 hetkell\u00e4 ei ole pentuja etsim\u00e4ss\u00e4 kotia<\/p>\n","protected":false},"author":1,"featured_media":0,"parent":0,"menu_order":0,"comment_status":"closed","ping_status":"closed","template":"","meta":{"footnotes":""},"class_list":["post-87","page","type-page","status-publish","hentry"],"yoast_head":"<!-- This site is optimized with the Yoast SEO plugin v27.4 - https:\/\/yoast.com\/product\/yoast-seo-wordpress\/ -->\n<title>Pentuja - wolfdogs.fi<\/title>\n<meta name=\"robots\" content=\"index, follow, max-snippet:-1, max-image-preview:large, max-video-preview:-1\" \/>\n<link rel=\"canonical\" href=\"https:\/\/wolfdogs.fi\/wp\/pentuja\/\" \/>\n<meta property=\"og:locale\" content=\"fi_FI\" \/>\n<meta property=\"og:type\" content=\"article\" \/>\n<meta property=\"og:title\" content=\"Pentuja - wolfdogs.fi\" \/>\n<meta property=\"og:description\" content=\"Pentuja Pentuja-listalle hyv\u00e4ksyt\u00e4\u00e4n ainoastaan j\u00e4senten ilmoittamat pennut \/ pentueet, jotka rekister\u00f6id\u00e4\u00e4n Suomen Kennelliittoon. Pennut luovutetaan tunnistusmerkittyin\u00e4 ja el\u00e4inl\u00e4\u00e4k\u00e4rin tarkastamina, asiallisin ruokinta-, hoito- ja koulutus ohjein. T\u00e4ll\u00e4 hetkell\u00e4 ei ole pentuja etsim\u00e4ss\u00e4 kotia\" \/>\n<meta property=\"og:url\" content=\"https:\/\/wolfdogs.fi\/wp\/pentuja\/\" \/>\n<meta property=\"og:site_name\" content=\"wolfdogs.fi\" \/>\n<meta property=\"article:modified_time\" content=\"2026-03-07T08:48:47+00:00\" \/>\n<meta name=\"twitter:card\" content=\"summary_large_image\" \/>\n<meta name=\"twitter:label1\" content=\"Arvioitu lukuaika\" \/>\n\t<meta name=\"twitter:data1\" content=\"1 minuutti\" \/>\n<script type=\"application\/ld+json\" class=\"yoast-schema-graph\">{\"@context\":\"https:\\\/\\\/schema.org\",\"@graph\":[{\"@type\":\"WebPage\",\"@id\":\"https:\\\/\\\/wolfdogs.fi\\\/wp\\\/pentuja\\\/\",\"url\":\"https:\\\/\\\/wolfdogs.fi\\\/wp\\\/pentuja\\\/\",\"name\":\"Pentuja - wolfdogs.fi\",\"isPartOf\":{\"@id\":\"http:\\\/\\\/wolfdogs.fi\\\/wp\\\/#website\"},\"datePublished\":\"2015-12-30T20:50:06+00:00\",\"dateModified\":\"2026-03-07T08:48:47+00:00\",\"breadcrumb\":{\"@id\":\"https:\\\/\\\/wolfdogs.fi\\\/wp\\\/pentuja\\\/#breadcrumb\"},\"inLanguage\":\"fi\",\"potentialAction\":[{\"@type\":\"ReadAction\",\"target\":[\"https:\\\/\\\/wolfdogs.fi\\\/wp\\\/pentuja\\\/\"]}]},{\"@type\":\"BreadcrumbList\",\"@id\":\"https:\\\/\\\/wolfdogs.fi\\\/wp\\\/pentuja\\\/#breadcrumb\",\"itemListElement\":[{\"@type\":\"ListItem\",\"position\":1,\"name\":\"Home\",\"item\":\"https:\\\/\\\/wolfdogs.fi\\\/wp\\\/\"},{\"@type\":\"ListItem\",\"position\":2,\"name\":\"Pentuja\"}]},{\"@type\":\"WebSite\",\"@id\":\"http:\\\/\\\/wolfdogs.fi\\\/wp\\\/#website\",\"url\":\"http:\\\/\\\/wolfdogs.fi\\\/wp\\\/\",\"name\":\"wolfdogs.fi\",\"description\":\"\",\"potentialAction\":[{\"@type\":\"SearchAction\",\"target\":{\"@type\":\"EntryPoint\",\"urlTemplate\":\"http:\\\/\\\/wolfdogs.fi\\\/wp\\\/?s={search_term_string}\"},\"query-input\":{\"@type\":\"PropertyValueSpecification\",\"valueRequired\":true,\"valueName\":\"search_term_string\"}}],\"inLanguage\":\"fi\"}]}<\/script>\n<!-- \/ Yoast SEO plugin. -->","yoast_head_json":{"title":"Pentuja - wolfdogs.fi","robots":{"index":"index","follow":"follow","max-snippet":"max-snippet:-1","max-image-preview":"max-image-preview:large","max-video-preview":"max-video-preview:-1"},"canonical":"https:\/\/wolfdogs.fi\/wp\/pentuja\/","og_locale":"fi_FI","og_type":"article","og_title":"Pentuja - wolfdogs.fi","og_description":"Pentuja Pentuja-listalle hyv\u00e4ksyt\u00e4\u00e4n ainoastaan j\u00e4senten ilmoittamat pennut \/ pentueet, jotka rekister\u00f6id\u00e4\u00e4n Suomen Kennelliittoon. Pennut luovutetaan tunnistusmerkittyin\u00e4 ja el\u00e4inl\u00e4\u00e4k\u00e4rin tarkastamina, asiallisin ruokinta-, hoito- ja koulutus ohjein. T\u00e4ll\u00e4 hetkell\u00e4 ei ole pentuja etsim\u00e4ss\u00e4 kotia","og_url":"https:\/\/wolfdogs.fi\/wp\/pentuja\/","og_site_name":"wolfdogs.fi","article_modified_time":"2026-03-07T08:48:47+00:00","twitter_card":"summary_large_image","twitter_misc":{"Arvioitu lukuaika":"1 minuutti"},"schema":{"@context":"https:\/\/schema.org","@graph":[{"@type":"WebPage","@id":"https:\/\/wolfdogs.fi\/wp\/pentuja\/","url":"https:\/\/wolfdogs.fi\/wp\/pentuja\/","name":"Pentuja - wolfdogs.fi","isPartOf":{"@id":"http:\/\/wolfdogs.fi\/wp\/#website"},"datePublished":"2015-12-30T20:50:06+00:00","dateModified":"2026-03-07T08:48:47+00:00","breadcrumb":{"@id":"https:\/\/wolfdogs.fi\/wp\/pentuja\/#breadcrumb"},"inLanguage":"fi","potentialAction":[{"@type":"ReadAction","target":["https:\/\/wolfdogs.fi\/wp\/pentuja\/"]}]},{"@type":"BreadcrumbList","@id":"https:\/\/wolfdogs.fi\/wp\/pentuja\/#breadcrumb","itemListElement":[{"@type":"ListItem","position":1,"name":"Home","item":"https:\/\/wolfdogs.fi\/wp\/"},{"@type":"ListItem","position":2,"name":"Pentuja"}]},{"@type":"WebSite","@id":"http:\/\/wolfdogs.fi\/wp\/#website","url":"http:\/\/wolfdogs.fi\/wp\/","name":"wolfdogs.fi","description":"","potentialAction":[{"@type":"SearchAction","target":{"@type":"EntryPoint","urlTemplate":"http:\/\/wolfdogs.fi\/wp\/?s={search_term_string}"},"query-input":{"@type":"PropertyValueSpecification","valueRequired":true,"valueName":"search_term_string"}}],"inLanguage":"fi"}]}},"_links":{"self":[{"href":"https:\/\/wolfdogs.fi\/wp\/wp-json\/wp\/v2\/pages\/87","targetHints":{"allow":["GET"]}}],"collection":[{"href":"https:\/\/wolfdogs.fi\/wp\/wp-json\/wp\/v2\/pages"}],"about":[{"href":"https:\/\/wolfdogs.fi\/wp\/wp-json\/wp\/v2\/types\/page"}],"author":[{"embeddable":true,"href":"https:\/\/wolfdogs.fi\/wp\/wp-json\/wp\/v2\/users\/1"}],"replies":[{"embeddable":true,"href":"https:\/\/wolfdogs.fi\/wp\/wp-json\/wp\/v2\/comments?post=87"}],"version-history":[{"count":87,"href":"https:\/\/wolfdogs.fi\/wp\/wp-json\/wp\/v2\/pages\/87\/revisions"}],"predecessor-version":[{"id":1516,"href":"https:\/\/wolfdogs.fi\/wp\/wp-json\/wp\/v2\/pages\/87\/revisions\/1516"}],"wp:attachment":[{"href":"https:\/\/wolfdogs.fi\/wp\/wp-json\/wp\/v2\/media?parent=87"}],"curies":[{"name":"wp","href":"https:\/\/api.w.org\/{rel}","templated":true}]}}