{"id":862,"date":"2021-10-30T10:27:24","date_gmt":"2021-10-30T10:27:24","guid":{"rendered":"http:\/\/wolfdogs.fi\/wp\/?page_id=862"},"modified":"2021-10-30T10:29:49","modified_gmt":"2021-10-30T10:29:49","slug":"dw","status":"publish","type":"page","link":"https:\/\/wolfdogs.fi\/wp\/terveys\/dw\/","title":{"rendered":"DW"},"content":{"rendered":"<h5 style=\"text-align: center;\"><span style=\"color: #ffff99;\">Dw eli Dwarfism (pituitary dwarfism) \/ K\u00e4\u00e4pi\u00f6kasvuisuus<\/span><\/h5>\n\n\n<p class=\"has-text-align-center has-white-color has-text-color\">\u010ceskoslovensk\u00fd vl\u010diak:n ja Saarlooswolfhondin k\u00e4\u00e4pi\u00f6kasvu (aivolis\u00e4kkeen vajaatoiminnasta johtuva k\u00e4\u00e4pi\u00f6kasvuisuus, jota esiintyy my\u00f6s saksanpaimenkoiralla) johtuu synnynn\u00e4isest\u00e4 kasvuhormonin puutoksesta, johon on syyn\u00e4 aivolis\u00e4kkeen virheellinen kehitys. K\u00e4\u00e4pi\u00f6kasvuisuuden periytymistapa on autosomaali resessiivinen. K\u00e4\u00e4pi\u00f6kasvuisen koiran pystyy tunnistamaan aikaisessa vaiheessa, sen kasvu ei ole normaalia, karvapeite on pehme\u00e4 ja villava, pentukarva ei vaihdu aikuisen karvaan. Kun karva irtoaa iho j\u00e4\u00e4 paljaaksi ja t\u00e4llainen koira on suojattava s\u00e4\u00e4n vaihteluilta. K\u00e4\u00e4pi\u00f6kasvuisen koiran elinik\u00e4ennuste on lyhyt.<\/p>\n\n\n\n<p class=\"has-text-align-center has-white-color has-text-color\">Dwarfismiin on geenitesti, mink\u00e4 avulla voidaan sulkea pois sairaiden yksil\u00f6iden syntyminen.<\/p>\n\n\n\n<p class=\"has-text-align-center has-white-color has-text-color\">Geenitesti on k\u00e4yt\u00f6ss\u00e4 yleisesti. Yhdistys suosittelee, ett\u00e4 toinen vanhemmista on testattu vapaaksi k\u00e4\u00e4pi\u00f6kasvuisuusgeenist\u00e4 (DW N\/N).<\/p>\n\n\n\n<div class=\"wp-block-buttons is-content-justification-center is-layout-flex wp-block-buttons-is-layout-flex\">\n<div class=\"wp-block-button\"><a class=\"wp-block-button__link\" href=\"http:\/\/wolfdogs.fi\/wp\/terveys\/\">Takaisin<\/a><\/div>\n<\/div>\n\n\n\n<p><\/p>\n","protected":false},"excerpt":{"rendered":"<p>Dw eli Dwarfism (pituitary dwarfism) \/ K\u00e4\u00e4pi\u00f6kasvuisuus \u010ceskoslovensk\u00fd vl\u010diak:n ja Saarlooswolfhondin k\u00e4\u00e4pi\u00f6kasvu (aivolis\u00e4kkeen vajaatoiminnasta johtuva k\u00e4\u00e4pi\u00f6kasvuisuus, jota esiintyy my\u00f6s saksanpaimenkoiralla) johtuu synnynn\u00e4isest\u00e4 kasvuhormonin puutoksesta, johon on syyn\u00e4 aivolis\u00e4kkeen virheellinen kehitys. K\u00e4\u00e4pi\u00f6kasvuisuuden periytymistapa on autosomaali resessiivinen. K\u00e4\u00e4pi\u00f6kasvuisen koiran pystyy tunnistamaan aikaisessa vaiheessa, sen kasvu ei ole normaalia, karvapeite on pehme\u00e4 ja villava, pentukarva ei vaihdu aikuisen [&hellip;]<\/p>\n","protected":false},"author":1,"featured_media":0,"parent":736,"menu_order":0,"comment_status":"closed","ping_status":"closed","template":"","meta":{"footnotes":""},"class_list":["post-862","page","type-page","status-publish","hentry"],"yoast_head":"<!-- This site is optimized with the Yoast SEO plugin v27.4 - https:\/\/yoast.com\/product\/yoast-seo-wordpress\/ -->\n<title>DW - wolfdogs.fi<\/title>\n<meta name=\"robots\" content=\"index, follow, max-snippet:-1, max-image-preview:large, max-video-preview:-1\" \/>\n<link rel=\"canonical\" href=\"https:\/\/wolfdogs.fi\/wp\/terveys\/dw\/\" \/>\n<meta property=\"og:locale\" content=\"fi_FI\" \/>\n<meta property=\"og:type\" content=\"article\" \/>\n<meta property=\"og:title\" content=\"DW - wolfdogs.fi\" \/>\n<meta property=\"og:description\" content=\"Dw eli Dwarfism (pituitary dwarfism) \/ K\u00e4\u00e4pi\u00f6kasvuisuus \u010ceskoslovensk\u00fd vl\u010diak:n ja Saarlooswolfhondin k\u00e4\u00e4pi\u00f6kasvu (aivolis\u00e4kkeen vajaatoiminnasta johtuva k\u00e4\u00e4pi\u00f6kasvuisuus, jota esiintyy my\u00f6s saksanpaimenkoiralla) johtuu synnynn\u00e4isest\u00e4 kasvuhormonin puutoksesta, johon on syyn\u00e4 aivolis\u00e4kkeen virheellinen kehitys. K\u00e4\u00e4pi\u00f6kasvuisuuden periytymistapa on autosomaali resessiivinen. K\u00e4\u00e4pi\u00f6kasvuisen koiran pystyy tunnistamaan aikaisessa vaiheessa, sen kasvu ei ole normaalia, karvapeite on pehme\u00e4 ja villava, pentukarva ei vaihdu aikuisen [&hellip;]\" \/>\n<meta property=\"og:url\" content=\"https:\/\/wolfdogs.fi\/wp\/terveys\/dw\/\" \/>\n<meta property=\"og:site_name\" content=\"wolfdogs.fi\" \/>\n<meta property=\"article:modified_time\" content=\"2021-10-30T10:29:49+00:00\" \/>\n<meta name=\"twitter:card\" content=\"summary_large_image\" \/>\n<meta name=\"twitter:label1\" content=\"Arvioitu lukuaika\" \/>\n\t<meta name=\"twitter:data1\" content=\"1 minuutti\" \/>\n<script type=\"application\/ld+json\" class=\"yoast-schema-graph\">{\"@context\":\"https:\\\/\\\/schema.org\",\"@graph\":[{\"@type\":\"WebPage\",\"@id\":\"https:\\\/\\\/wolfdogs.fi\\\/wp\\\/terveys\\\/dw\\\/\",\"url\":\"https:\\\/\\\/wolfdogs.fi\\\/wp\\\/terveys\\\/dw\\\/\",\"name\":\"DW - wolfdogs.fi\",\"isPartOf\":{\"@id\":\"http:\\\/\\\/wolfdogs.fi\\\/wp\\\/#website\"},\"datePublished\":\"2021-10-30T10:27:24+00:00\",\"dateModified\":\"2021-10-30T10:29:49+00:00\",\"breadcrumb\":{\"@id\":\"https:\\\/\\\/wolfdogs.fi\\\/wp\\\/terveys\\\/dw\\\/#breadcrumb\"},\"inLanguage\":\"fi\",\"potentialAction\":[{\"@type\":\"ReadAction\",\"target\":[\"https:\\\/\\\/wolfdogs.fi\\\/wp\\\/terveys\\\/dw\\\/\"]}]},{\"@type\":\"BreadcrumbList\",\"@id\":\"https:\\\/\\\/wolfdogs.fi\\\/wp\\\/terveys\\\/dw\\\/#breadcrumb\",\"itemListElement\":[{\"@type\":\"ListItem\",\"position\":1,\"name\":\"Home\",\"item\":\"https:\\\/\\\/wolfdogs.fi\\\/wp\\\/\"},{\"@type\":\"ListItem\",\"position\":2,\"name\":\"Terveys\",\"item\":\"https:\\\/\\\/wolfdogs.fi\\\/wp\\\/terveys\\\/\"},{\"@type\":\"ListItem\",\"position\":3,\"name\":\"DW\"}]},{\"@type\":\"WebSite\",\"@id\":\"http:\\\/\\\/wolfdogs.fi\\\/wp\\\/#website\",\"url\":\"http:\\\/\\\/wolfdogs.fi\\\/wp\\\/\",\"name\":\"wolfdogs.fi\",\"description\":\"\",\"potentialAction\":[{\"@type\":\"SearchAction\",\"target\":{\"@type\":\"EntryPoint\",\"urlTemplate\":\"http:\\\/\\\/wolfdogs.fi\\\/wp\\\/?s={search_term_string}\"},\"query-input\":{\"@type\":\"PropertyValueSpecification\",\"valueRequired\":true,\"valueName\":\"search_term_string\"}}],\"inLanguage\":\"fi\"}]}<\/script>\n<!-- \/ Yoast SEO plugin. -->","yoast_head_json":{"title":"DW - wolfdogs.fi","robots":{"index":"index","follow":"follow","max-snippet":"max-snippet:-1","max-image-preview":"max-image-preview:large","max-video-preview":"max-video-preview:-1"},"canonical":"https:\/\/wolfdogs.fi\/wp\/terveys\/dw\/","og_locale":"fi_FI","og_type":"article","og_title":"DW - wolfdogs.fi","og_description":"Dw eli Dwarfism (pituitary dwarfism) \/ K\u00e4\u00e4pi\u00f6kasvuisuus \u010ceskoslovensk\u00fd vl\u010diak:n ja Saarlooswolfhondin k\u00e4\u00e4pi\u00f6kasvu (aivolis\u00e4kkeen vajaatoiminnasta johtuva k\u00e4\u00e4pi\u00f6kasvuisuus, jota esiintyy my\u00f6s saksanpaimenkoiralla) johtuu synnynn\u00e4isest\u00e4 kasvuhormonin puutoksesta, johon on syyn\u00e4 aivolis\u00e4kkeen virheellinen kehitys. K\u00e4\u00e4pi\u00f6kasvuisuuden periytymistapa on autosomaali resessiivinen. K\u00e4\u00e4pi\u00f6kasvuisen koiran pystyy tunnistamaan aikaisessa vaiheessa, sen kasvu ei ole normaalia, karvapeite on pehme\u00e4 ja villava, pentukarva ei vaihdu aikuisen [&hellip;]","og_url":"https:\/\/wolfdogs.fi\/wp\/terveys\/dw\/","og_site_name":"wolfdogs.fi","article_modified_time":"2021-10-30T10:29:49+00:00","twitter_card":"summary_large_image","twitter_misc":{"Arvioitu lukuaika":"1 minuutti"},"schema":{"@context":"https:\/\/schema.org","@graph":[{"@type":"WebPage","@id":"https:\/\/wolfdogs.fi\/wp\/terveys\/dw\/","url":"https:\/\/wolfdogs.fi\/wp\/terveys\/dw\/","name":"DW - wolfdogs.fi","isPartOf":{"@id":"http:\/\/wolfdogs.fi\/wp\/#website"},"datePublished":"2021-10-30T10:27:24+00:00","dateModified":"2021-10-30T10:29:49+00:00","breadcrumb":{"@id":"https:\/\/wolfdogs.fi\/wp\/terveys\/dw\/#breadcrumb"},"inLanguage":"fi","potentialAction":[{"@type":"ReadAction","target":["https:\/\/wolfdogs.fi\/wp\/terveys\/dw\/"]}]},{"@type":"BreadcrumbList","@id":"https:\/\/wolfdogs.fi\/wp\/terveys\/dw\/#breadcrumb","itemListElement":[{"@type":"ListItem","position":1,"name":"Home","item":"https:\/\/wolfdogs.fi\/wp\/"},{"@type":"ListItem","position":2,"name":"Terveys","item":"https:\/\/wolfdogs.fi\/wp\/terveys\/"},{"@type":"ListItem","position":3,"name":"DW"}]},{"@type":"WebSite","@id":"http:\/\/wolfdogs.fi\/wp\/#website","url":"http:\/\/wolfdogs.fi\/wp\/","name":"wolfdogs.fi","description":"","potentialAction":[{"@type":"SearchAction","target":{"@type":"EntryPoint","urlTemplate":"http:\/\/wolfdogs.fi\/wp\/?s={search_term_string}"},"query-input":{"@type":"PropertyValueSpecification","valueRequired":true,"valueName":"search_term_string"}}],"inLanguage":"fi"}]}},"_links":{"self":[{"href":"https:\/\/wolfdogs.fi\/wp\/wp-json\/wp\/v2\/pages\/862","targetHints":{"allow":["GET"]}}],"collection":[{"href":"https:\/\/wolfdogs.fi\/wp\/wp-json\/wp\/v2\/pages"}],"about":[{"href":"https:\/\/wolfdogs.fi\/wp\/wp-json\/wp\/v2\/types\/page"}],"author":[{"embeddable":true,"href":"https:\/\/wolfdogs.fi\/wp\/wp-json\/wp\/v2\/users\/1"}],"replies":[{"embeddable":true,"href":"https:\/\/wolfdogs.fi\/wp\/wp-json\/wp\/v2\/comments?post=862"}],"version-history":[{"count":3,"href":"https:\/\/wolfdogs.fi\/wp\/wp-json\/wp\/v2\/pages\/862\/revisions"}],"predecessor-version":[{"id":869,"href":"https:\/\/wolfdogs.fi\/wp\/wp-json\/wp\/v2\/pages\/862\/revisions\/869"}],"up":[{"embeddable":true,"href":"https:\/\/wolfdogs.fi\/wp\/wp-json\/wp\/v2\/pages\/736"}],"wp:attachment":[{"href":"https:\/\/wolfdogs.fi\/wp\/wp-json\/wp\/v2\/media?parent=862"}],"curies":[{"name":"wp","href":"https:\/\/api.w.org\/{rel}","templated":true}]}}